{"id":10733,"date":"2026-01-08T14:10:36","date_gmt":"2026-01-08T14:10:36","guid":{"rendered":"https:\/\/zaisbio.com\/?post_type=product&#038;p=10733"},"modified":"2026-01-08T14:20:31","modified_gmt":"2026-01-08T14:20:31","slug":"zais-frantoio-promocion-6-botellas","status":"publish","type":"product","link":"https:\/\/zaisbio.com\/en\/tienda\/zais-frantoio-promocion-6-botellas","title":{"rendered":"Zais Frantoio Pack 6 Botellas"},"content":{"rendered":"<h4><strong>Paga 5 y ll\u00e9vate 6<\/strong><\/h4>\n<h5><strong>Pack de 6 botellas de aceite de oliva Frantoio<\/strong><\/h5>\n<p>El aceite de oliva virgen extra Frantoio se obtiene mediante la extracci\u00f3n en fr\u00edo de las aceitunas de la variedad Frantoio (Olea europaea L.), originaria de Italia y cada vez m\u00e1s apreciada en el mundo por su equilibrio y complejidad sensorial. Este aceite destaca por su perfil arom\u00e1tico intenso y arm\u00f3nico, combinando notas herb\u00e1ceas y frutadas que lo hacen inconfundible.<\/p>\n<p>Desde el punto de vista anal\u00edtico, el aceite Frantoio mantiene un bajo \u00edndice de acidez, generalmente inferior al 0.8%, lo que garantiza su alta calidad. Su perfil sensorial se define por un sabor equilibrado con un toque de amargor y un picante moderado, acompa\u00f1ado de notas frescas de hierba reci\u00e9n cortada, alcachofa, manzana verde y un ligero matiz de frutos secos, como la almendra.<\/p>\n<p>Qu\u00edmicamente, el aceite de oliva Frantoio se caracteriza por un alto contenido de \u00e1cido oleico, que oscila entre el 70% y el 75%, lo que le proporciona una buena estabilidad oxidativa y una textura suave. Adem\u00e1s, es rico en compuestos fen\u00f3licos y antioxidantes naturales, como los polifenoles y tocoferoles, que no solo contribuyen a su resistencia a la oxidaci\u00f3n, sino que tambi\u00e9n ofrecen importantes beneficios para la salud, como la protecci\u00f3n cardiovascular y la reducci\u00f3n de la inflamaci\u00f3n.<\/p>\n<p>El aceite de oliva virgen extra Frantoio es ideal tanto para su uso en crudo como para la cocina caliente. Su sabor complejo y equilibrado lo convierte en el acompa\u00f1ante perfecto para ensaladas, pastas, carnes a la parrilla y platos mediterr\u00e1neos, aportando un toque gourmet que realza los sabores sin opacarlos. Su versatilidad y calidad lo posicionan como una opci\u00f3n preferida en la alta gastronom\u00eda y entre los amantes del buen aceite.<\/p>","protected":false},"excerpt":{"rendered":"<h4><strong>Paga 5 y ll\u00e9vate 6<\/strong><\/h4>\n<h5><strong>Pack de 6 botellas de aceite de oliva Frantoio<\/strong><\/h5>\n<p>Descubra en Zais Bio nuestro aceite de oliva virgen extra Frantoio Ecol\u00f3gico y Biodin\u00e1mico, una joya gourmet de origen mediterr\u00e1neo. Este aceite se caracteriza por su sabor equilibrado y complejo, con notas de hierbas frescas, alcachofa y frutos secos, acompa\u00f1ado de un toque amargo y picante muy agradable. Su versatilidad lo hace ideal para realzar platos de pastas, carnes a la parrilla y ensaladas, aportando un matiz sofisticado y saludable a cada receta. 500 ml.<\/p>\n<h6><span style=\"color: #cfb200;\">FREE SHIPPING ON ORDERS OF 6 BOTTLES OR MORE<\/span><\/h6>","protected":false},"featured_media":10739,"template":"","meta":{"om_disable_all_campaigns":false},"product_brand":[],"product_cat":[86],"product_tag":[68,94,92,91],"class_list":{"0":"post-10733","1":"product","2":"type-product","3":"status-publish","4":"has-post-thumbnail","6":"product_cat-productos-zais","7":"product_tag-aceite-de-oliva-virgen-extra","8":"product_tag-organico-y-biodinamico","9":"product_tag-picual","10":"product_tag-zais-bio","12":"first","13":"instock","14":"sale","15":"taxable","16":"shipping-taxable","17":"purchasable","18":"product-type-simple","19":"add-to-wishlist-after_add_to_cart"},"aioseo_notices":[],"_links":{"self":[{"href":"https:\/\/zaisbio.com\/en\/wp-json\/wp\/v2\/product\/10733","targetHints":{"allow":["GET"]}}],"collection":[{"href":"https:\/\/zaisbio.com\/en\/wp-json\/wp\/v2\/product"}],"about":[{"href":"https:\/\/zaisbio.com\/en\/wp-json\/wp\/v2\/types\/product"}],"version-history":[{"count":2,"href":"https:\/\/zaisbio.com\/en\/wp-json\/wp\/v2\/product\/10733\/revisions"}],"predecessor-version":[{"id":10735,"href":"https:\/\/zaisbio.com\/en\/wp-json\/wp\/v2\/product\/10733\/revisions\/10735"}],"wp:featuredmedia":[{"embeddable":true,"href":"https:\/\/zaisbio.com\/en\/wp-json\/wp\/v2\/media\/10739"}],"wp:attachment":[{"href":"https:\/\/zaisbio.com\/en\/wp-json\/wp\/v2\/media?parent=10733"}],"wp:term":[{"taxonomy":"product_brand","embeddable":true,"href":"https:\/\/zaisbio.com\/en\/wp-json\/wp\/v2\/product_brand?post=10733"},{"taxonomy":"product_cat","embeddable":true,"href":"https:\/\/zaisbio.com\/en\/wp-json\/wp\/v2\/product_cat?post=10733"},{"taxonomy":"product_tag","embeddable":true,"href":"https:\/\/zaisbio.com\/en\/wp-json\/wp\/v2\/product_tag?post=10733"}],"curies":[{"name":"wp","href":"https:\/\/api.w.org\/{rel}","templated":true}]}}