{"id":8130,"date":"2024-05-06T06:50:18","date_gmt":"2024-05-06T06:50:18","guid":{"rendered":"https:\/\/zaisbio.com\/?page_id=8130"},"modified":"2026-01-08T14:08:40","modified_gmt":"2026-01-08T14:08:40","slug":"tienda","status":"publish","type":"page","link":"https:\/\/zaisbio.com\/en\/tienda","title":{"rendered":"Shop"},"content":{"rendered":"<div data-elementor-type=\"wp-page\" data-elementor-id=\"8130\" class=\"elementor elementor-8130\">\n\t\t\t\t\t\t<section class=\"elementor-section elementor-top-section elementor-element elementor-element-d37d1d2 elementor-section-boxed elementor-section-height-default elementor-section-height-default qodef-elementor-content-no\" data-id=\"d37d1d2\" data-element_type=\"section\" data-settings=\"{&quot;background_background&quot;:&quot;classic&quot;}\">\n\t\t\t\t\t\t<div class=\"elementor-container elementor-column-gap-default\">\n\t\t\t\t\t<div class=\"elementor-column elementor-col-100 elementor-top-column elementor-element elementor-element-ddcc179\" data-id=\"ddcc179\" data-element_type=\"column\">\n\t\t\t<div class=\"elementor-widget-wrap elementor-element-populated\">\n\t\t\t\t\t\t<div class=\"elementor-element elementor-element-29ce67d elementor-widget-divider--view-line_text elementor-widget-divider--element-align-center elementor-widget elementor-widget-divider\" data-id=\"29ce67d\" data-element_type=\"widget\" data-widget_type=\"divider.default\">\n\t\t\t\t<div class=\"elementor-widget-container\">\n\t\t\t\t\t\t\t<div class=\"elementor-divider\">\n\t\t\t<span class=\"elementor-divider-separator\">\n\t\t\t\t\t\t\t<h3 class=\"elementor-divider__text elementor-divider__element\">\n\t\t\t\tOUR OILS AVAILABLE FOR ONLINE PURCHASE\t\t\t\t<\/h3>\n\t\t\t\t\t\t<\/span>\n\t\t<\/div>\n\t\t\t\t\t\t<\/div>\n\t\t\t\t<\/div>\n\t\t\t\t\t<\/div>\n\t\t<\/div>\n\t\t\t\t\t<\/div>\n\t\t<\/section>\n\t\t\t\t<section class=\"elementor-section elementor-top-section elementor-element elementor-element-d0e1405 elementor-section-boxed elementor-section-height-default elementor-section-height-default qodef-elementor-content-no\" data-id=\"d0e1405\" data-element_type=\"section\" data-settings=\"{&quot;background_background&quot;:&quot;classic&quot;}\">\n\t\t\t\t\t\t<div class=\"elementor-container elementor-column-gap-wide\">\n\t\t\t\t\t<div class=\"elementor-column elementor-col-100 elementor-top-column elementor-element elementor-element-f83e1ae\" data-id=\"f83e1ae\" data-element_type=\"column\">\n\t\t\t<div class=\"elementor-widget-wrap elementor-element-populated\">\n\t\t\t\t\t\t<div class=\"elementor-element elementor-element-28162a8 elementor-widget elementor-widget-qi_addons_for_elementor_product_list\" data-id=\"28162a8\" data-element_type=\"widget\" data-widget_type=\"qi_addons_for_elementor_product_list.default\">\n\t\t\t\t<div class=\"elementor-widget-container\">\n\t\t\t\t\t<div class=\"qodef-shortcode qodef-m qodef-addons-woo-shortcode qodef-qi-woo-shortcode-product-list qodef-item-layout--info-below-hover-inset qodef-image--hover-zoom qodef-qi-grid qodef-layout--qi-columns qodef-col-num--3 qodef-item-layout--info-below-hover-inset qodef-responsive--predefined\" >\n\t<div class=\"qodef-grid-inner\">\n\t\t<div class=\"qodef-e qodef-grid-item add-to-wishlist-after_add_to_cart product type-product post-696 status-publish first instock product_cat-productos-zais product_tag-aceite-de-oliva-virgen-extra product_tag-organico-y-biodinamico product_tag-picual product_tag-zais-bio has-post-thumbnail taxable shipping-taxable purchasable product-type-simple\">\n\t<div class=\"qodef-e-product-inner\">\n\t\t\t\t\t<div class=\"qodef-e-product-image\">\n\t\t\t\t<div class=\"qodef-e-product-image-holder\">\n\t\t\t\t\t\t\t\t\t\t<img fetchpriority=\"high\" decoding=\"async\" width=\"2000\" height=\"2000\" src=\"https:\/\/zaisbio.com\/wp-content\/uploads\/2025\/02\/aceite-ecologico-botella-picual-zais.webp\" class=\"attachment-full size-full\" alt=\"\" srcset=\"https:\/\/zaisbio.com\/wp-content\/uploads\/2025\/02\/aceite-ecologico-botella-picual-zais.webp 2000w, https:\/\/zaisbio.com\/wp-content\/uploads\/2025\/02\/aceite-ecologico-botella-picual-zais-300x300.webp 300w, https:\/\/zaisbio.com\/wp-content\/uploads\/2025\/02\/aceite-ecologico-botella-picual-zais-1024x1024.webp 1024w, https:\/\/zaisbio.com\/wp-content\/uploads\/2025\/02\/aceite-ecologico-botella-picual-zais-150x150.webp 150w, https:\/\/zaisbio.com\/wp-content\/uploads\/2025\/02\/aceite-ecologico-botella-picual-zais-768x768.webp 768w, https:\/\/zaisbio.com\/wp-content\/uploads\/2025\/02\/aceite-ecologico-botella-picual-zais-1536x1536.webp 1536w, https:\/\/zaisbio.com\/wp-content\/uploads\/2025\/02\/aceite-ecologico-botella-picual-zais-12x12.webp 12w, https:\/\/zaisbio.com\/wp-content\/uploads\/2025\/02\/aceite-ecologico-botella-picual-zais-650x650.webp 650w, https:\/\/zaisbio.com\/wp-content\/uploads\/2025\/02\/aceite-ecologico-botella-picual-zais-1300x1300.webp 1300w, https:\/\/zaisbio.com\/wp-content\/uploads\/2025\/02\/aceite-ecologico-botella-picual-zais-600x600.webp 600w, https:\/\/zaisbio.com\/wp-content\/uploads\/2025\/02\/aceite-ecologico-botella-picual-zais-100x100.webp 100w\" sizes=\"(max-width: 2000px) 100vw, 2000px\" \/>\t\t\t\t<\/div>\n\t\t\t\t<a href=\"https:\/\/zaisbio.com\/en\/tienda\/zais-picual\" class=\"woocommerce-LoopProduct-link woocommerce-loop-product__link\"><\/a>\t\t\t\t<div class=\"qodef-e-product-image-inner\">\n\t\t\t\t\t<a class=\"qodef-shortcode qodef-m button product_type_simple add_to_cart_button ajax_add_to_cart qodef-qi-button qodef-html--link qodef-layout--filled qodef-type--standard qodef-size--small qodef-icon--right qodef-hover--icon-move-horizontal-short\" href=\"\/en\/wp-json\/wp\/v2\/pages\/8130?add-to-cart=696\" target=\"_self\" data-product_id=\"696\" data-product_sku=\"8437027464003-1\" aria-label=\"Add to basket: \u201cZais Picual\u201d\" rel=\"nofollow\" data-quantity=\"1\" data-no-translation-aria-label=\"\">\t<span class=\"qodef-m-text\" data-no-translation=\"\" data-trp-gettext=\"\">Add to basket<\/span>\t<\/a>\t\t\t\t<\/div>\n\t\t\t<\/div>\n\t\t\t\t<div class=\"qodef-e-product-content\">\n\t\t\t<div class=\"qodef-e-product-heading\">\n\t\t\t\t<h4 itemprop=\"name\" class=\"qodef-e-product-title qodef-e-title entry-title\">\n\t<a itemprop=\"url\" class=\"qodef-e-product-title-link\" href=\"https:\/\/zaisbio.com\/en\/tienda\/zais-picual\">\n\t\tZais Picual\t<\/a>\n<\/h4>\n\t\t\t\t\t\t<div class=\"qodef-woo-product-price price\"><span class=\"woocommerce-Price-amount amount\">14,00&nbsp;<span class=\"woocommerce-Price-currencySymbol\">&euro;<\/span><\/span><\/div>\n\t\t\t\t\t<\/div>\n\t\t\t\t<div class=\"qodef-e-product-categories\"><a href=\"https:\/\/zaisbio.com\/en\/categorias\/productos-zais\" rel=\"tag\">Productos Zais<\/a><\/div>\n\t\t\t\t\t\t\t\t<\/div>\n\t<\/div>\n<\/div>\n<div class=\"qodef-e qodef-grid-item add-to-wishlist-after_add_to_cart product type-product post-10127 status-publish instock product_cat-productos-zais product_tag-aceite-de-oliva-virgen-extra product_tag-organico-y-biodinamico product_tag-picual product_tag-zais-bio has-post-thumbnail taxable shipping-taxable purchasable product-type-simple\">\n\t<div class=\"qodef-e-product-inner\">\n\t\t\t\t\t<div class=\"qodef-e-product-image\">\n\t\t\t\t<div class=\"qodef-e-product-image-holder\">\n\t\t\t\t\t\t\t\t\t\t<img decoding=\"async\" width=\"2000\" height=\"2000\" src=\"https:\/\/zaisbio.com\/wp-content\/uploads\/2025\/02\/aceite-ecologico-botella-arbequina-zais.webp\" class=\"attachment-full size-full\" alt=\"\" srcset=\"https:\/\/zaisbio.com\/wp-content\/uploads\/2025\/02\/aceite-ecologico-botella-arbequina-zais.webp 2000w, https:\/\/zaisbio.com\/wp-content\/uploads\/2025\/02\/aceite-ecologico-botella-arbequina-zais-300x300.webp 300w, https:\/\/zaisbio.com\/wp-content\/uploads\/2025\/02\/aceite-ecologico-botella-arbequina-zais-1024x1024.webp 1024w, https:\/\/zaisbio.com\/wp-content\/uploads\/2025\/02\/aceite-ecologico-botella-arbequina-zais-150x150.webp 150w, https:\/\/zaisbio.com\/wp-content\/uploads\/2025\/02\/aceite-ecologico-botella-arbequina-zais-768x768.webp 768w, https:\/\/zaisbio.com\/wp-content\/uploads\/2025\/02\/aceite-ecologico-botella-arbequina-zais-1536x1536.webp 1536w, https:\/\/zaisbio.com\/wp-content\/uploads\/2025\/02\/aceite-ecologico-botella-arbequina-zais-12x12.webp 12w, https:\/\/zaisbio.com\/wp-content\/uploads\/2025\/02\/aceite-ecologico-botella-arbequina-zais-650x650.webp 650w, https:\/\/zaisbio.com\/wp-content\/uploads\/2025\/02\/aceite-ecologico-botella-arbequina-zais-1300x1300.webp 1300w, https:\/\/zaisbio.com\/wp-content\/uploads\/2025\/02\/aceite-ecologico-botella-arbequina-zais-600x600.webp 600w, https:\/\/zaisbio.com\/wp-content\/uploads\/2025\/02\/aceite-ecologico-botella-arbequina-zais-100x100.webp 100w\" sizes=\"(max-width: 2000px) 100vw, 2000px\" \/>\t\t\t\t<\/div>\n\t\t\t\t<a href=\"https:\/\/zaisbio.com\/en\/tienda\/zais-arbequina\" class=\"woocommerce-LoopProduct-link woocommerce-loop-product__link\"><\/a>\t\t\t\t<div class=\"qodef-e-product-image-inner\">\n\t\t\t\t\t<a class=\"qodef-shortcode qodef-m button product_type_simple add_to_cart_button ajax_add_to_cart qodef-qi-button qodef-html--link qodef-layout--filled qodef-type--standard qodef-size--small qodef-icon--right qodef-hover--icon-move-horizontal-short\" href=\"\/en\/wp-json\/wp\/v2\/pages\/8130?add-to-cart=10127\" target=\"_self\" data-product_id=\"10127\" data-product_sku=\"8437027464003-2\" aria-label=\"Add to basket: \u201cZais Arbequina\u201d\" rel=\"nofollow\" data-quantity=\"1\" data-no-translation-aria-label=\"\">\t<span class=\"qodef-m-text\" data-no-translation=\"\" data-trp-gettext=\"\">Add to basket<\/span>\t<\/a>\t\t\t\t<\/div>\n\t\t\t<\/div>\n\t\t\t\t<div class=\"qodef-e-product-content\">\n\t\t\t<div class=\"qodef-e-product-heading\">\n\t\t\t\t<h4 itemprop=\"name\" class=\"qodef-e-product-title qodef-e-title entry-title\">\n\t<a itemprop=\"url\" class=\"qodef-e-product-title-link\" href=\"https:\/\/zaisbio.com\/en\/tienda\/zais-arbequina\">\n\t\tZais Arbequina\t<\/a>\n<\/h4>\n\t\t\t\t\t\t<div class=\"qodef-woo-product-price price\"><span class=\"woocommerce-Price-amount amount\">14,00&nbsp;<span class=\"woocommerce-Price-currencySymbol\">&euro;<\/span><\/span><\/div>\n\t\t\t\t\t<\/div>\n\t\t\t\t<div class=\"qodef-e-product-categories\"><a href=\"https:\/\/zaisbio.com\/en\/categorias\/productos-zais\" rel=\"tag\">Productos Zais<\/a><\/div>\n\t\t\t\t\t\t\t\t<\/div>\n\t<\/div>\n<\/div>\n<div class=\"qodef-e qodef-grid-item add-to-wishlist-after_add_to_cart product type-product post-10138 status-publish last instock product_cat-productos-zais product_tag-aceite-de-oliva-virgen-extra product_tag-organico-y-biodinamico product_tag-picual product_tag-zais-bio has-post-thumbnail taxable shipping-taxable purchasable product-type-simple\">\n\t<div class=\"qodef-e-product-inner\">\n\t\t\t\t\t<div class=\"qodef-e-product-image\">\n\t\t\t\t<div class=\"qodef-e-product-image-holder\">\n\t\t\t\t\t\t\t\t\t\t<img decoding=\"async\" width=\"2000\" height=\"2000\" src=\"https:\/\/zaisbio.com\/wp-content\/uploads\/2025\/02\/aceite-ecologico-botella-frantoio-zais.webp\" class=\"attachment-full size-full\" alt=\"\" srcset=\"https:\/\/zaisbio.com\/wp-content\/uploads\/2025\/02\/aceite-ecologico-botella-frantoio-zais.webp 2000w, https:\/\/zaisbio.com\/wp-content\/uploads\/2025\/02\/aceite-ecologico-botella-frantoio-zais-300x300.webp 300w, https:\/\/zaisbio.com\/wp-content\/uploads\/2025\/02\/aceite-ecologico-botella-frantoio-zais-1024x1024.webp 1024w, https:\/\/zaisbio.com\/wp-content\/uploads\/2025\/02\/aceite-ecologico-botella-frantoio-zais-150x150.webp 150w, https:\/\/zaisbio.com\/wp-content\/uploads\/2025\/02\/aceite-ecologico-botella-frantoio-zais-768x768.webp 768w, https:\/\/zaisbio.com\/wp-content\/uploads\/2025\/02\/aceite-ecologico-botella-frantoio-zais-1536x1536.webp 1536w, https:\/\/zaisbio.com\/wp-content\/uploads\/2025\/02\/aceite-ecologico-botella-frantoio-zais-12x12.webp 12w, https:\/\/zaisbio.com\/wp-content\/uploads\/2025\/02\/aceite-ecologico-botella-frantoio-zais-650x650.webp 650w, https:\/\/zaisbio.com\/wp-content\/uploads\/2025\/02\/aceite-ecologico-botella-frantoio-zais-1300x1300.webp 1300w, https:\/\/zaisbio.com\/wp-content\/uploads\/2025\/02\/aceite-ecologico-botella-frantoio-zais-600x600.webp 600w, https:\/\/zaisbio.com\/wp-content\/uploads\/2025\/02\/aceite-ecologico-botella-frantoio-zais-100x100.webp 100w\" sizes=\"(max-width: 2000px) 100vw, 2000px\" \/>\t\t\t\t<\/div>\n\t\t\t\t<a href=\"https:\/\/zaisbio.com\/en\/tienda\/zais-frantoio\" class=\"woocommerce-LoopProduct-link woocommerce-loop-product__link\"><\/a>\t\t\t\t<div class=\"qodef-e-product-image-inner\">\n\t\t\t\t\t<a class=\"qodef-shortcode qodef-m button product_type_simple add_to_cart_button ajax_add_to_cart qodef-qi-button qodef-html--link qodef-layout--filled qodef-type--standard qodef-size--small qodef-icon--right qodef-hover--icon-move-horizontal-short\" href=\"\/en\/wp-json\/wp\/v2\/pages\/8130?add-to-cart=10138\" target=\"_self\" data-product_id=\"10138\" data-product_sku=\"8437027464003-3\" aria-label=\"Add to basket: \u201cZais Frantoio\u201d\" rel=\"nofollow\" data-quantity=\"1\" data-no-translation-aria-label=\"\">\t<span class=\"qodef-m-text\" data-no-translation=\"\" data-trp-gettext=\"\">Add to basket<\/span>\t<\/a>\t\t\t\t<\/div>\n\t\t\t<\/div>\n\t\t\t\t<div class=\"qodef-e-product-content\">\n\t\t\t<div class=\"qodef-e-product-heading\">\n\t\t\t\t<h4 itemprop=\"name\" class=\"qodef-e-product-title qodef-e-title entry-title\">\n\t<a itemprop=\"url\" class=\"qodef-e-product-title-link\" href=\"https:\/\/zaisbio.com\/en\/tienda\/zais-frantoio\">\n\t\tZais Frantoio\t<\/a>\n<\/h4>\n\t\t\t\t\t\t<div class=\"qodef-woo-product-price price\"><span class=\"woocommerce-Price-amount amount\">14,00&nbsp;<span class=\"woocommerce-Price-currencySymbol\">&euro;<\/span><\/span><\/div>\n\t\t\t\t\t<\/div>\n\t\t\t\t<div class=\"qodef-e-product-categories\"><a href=\"https:\/\/zaisbio.com\/en\/categorias\/productos-zais\" rel=\"tag\">Productos Zais<\/a><\/div>\n\t\t\t\t\t\t\t\t<\/div>\n\t<\/div>\n<\/div>\n<div class=\"qodef-e qodef-grid-item add-to-wishlist-after_add_to_cart product type-product post-10744 status-publish first instock product_cat-productos-zais product_tag-aceite-de-oliva-virgen-extra product_tag-organico-y-biodinamico product_tag-picual product_tag-zais-bio has-post-thumbnail sale taxable shipping-taxable purchasable product-type-simple\">\n\t<div class=\"qodef-e-product-inner\">\n\t\t\t\t\t<div class=\"qodef-e-product-image\">\n\t\t\t\t<div class=\"qodef-e-product-image-holder\">\n\t\t\t\t\t\t\t\t\t\t<img loading=\"lazy\" decoding=\"async\" width=\"1385\" height=\"1544\" src=\"https:\/\/zaisbio.com\/wp-content\/uploads\/2026\/01\/oferta-botella-aceite-ecologico-picual-zais.webp\" class=\"attachment-full size-full\" alt=\"Pack de 6 botellas Picual de 500ml\" srcset=\"https:\/\/zaisbio.com\/wp-content\/uploads\/2026\/01\/oferta-botella-aceite-ecologico-picual-zais.webp 1385w, https:\/\/zaisbio.com\/wp-content\/uploads\/2026\/01\/oferta-botella-aceite-ecologico-picual-zais-269x300.webp 269w, https:\/\/zaisbio.com\/wp-content\/uploads\/2026\/01\/oferta-botella-aceite-ecologico-picual-zais-919x1024.webp 919w, https:\/\/zaisbio.com\/wp-content\/uploads\/2026\/01\/oferta-botella-aceite-ecologico-picual-zais-768x856.webp 768w, https:\/\/zaisbio.com\/wp-content\/uploads\/2026\/01\/oferta-botella-aceite-ecologico-picual-zais-1378x1536.webp 1378w, https:\/\/zaisbio.com\/wp-content\/uploads\/2026\/01\/oferta-botella-aceite-ecologico-picual-zais-11x12.webp 11w, https:\/\/zaisbio.com\/wp-content\/uploads\/2026\/01\/oferta-botella-aceite-ecologico-picual-zais-600x669.webp 600w\" sizes=\"(max-width: 1385px) 100vw, 1385px\" \/>\t\t\t\t<\/div>\n\t\t\t\t<a href=\"https:\/\/zaisbio.com\/en\/tienda\/zais-picual-promocion-6-botellas\" class=\"woocommerce-LoopProduct-link woocommerce-loop-product__link\"><\/a>\t\t\t\t<div class=\"qodef-e-product-image-inner\">\n\t\t\t\t\t<a class=\"qodef-shortcode qodef-m button product_type_simple add_to_cart_button ajax_add_to_cart qodef-qi-button qodef-html--link qodef-layout--filled qodef-type--standard qodef-size--small qodef-icon--right qodef-hover--icon-move-horizontal-short\" href=\"\/en\/wp-json\/wp\/v2\/pages\/8130?add-to-cart=10744\" target=\"_self\" data-product_id=\"10744\" data-product_sku=\"8437027464003-6\" aria-label=\"Add to basket: \u201cZais Picual Pack 6 Botellas\u201d\" rel=\"nofollow\" data-quantity=\"1\" data-no-translation-aria-label=\"\">\t<span class=\"qodef-m-text\" data-no-translation=\"\" data-trp-gettext=\"\">Add to basket<\/span>\t<\/a>\t\t\t\t<\/div>\n\t\t\t<\/div>\n\t\t\t\t<div class=\"qodef-e-product-content\">\n\t\t\t<div class=\"qodef-e-product-heading\">\n\t\t\t\t<h4 itemprop=\"name\" class=\"qodef-e-product-title qodef-e-title entry-title\">\n\t<a itemprop=\"url\" class=\"qodef-e-product-title-link\" href=\"https:\/\/zaisbio.com\/en\/tienda\/zais-picual-promocion-6-botellas\">\n\t\tZais Picual Pack 6 Botellas\t<\/a>\n<\/h4>\n\t\t\t\t\t\t<div class=\"qodef-woo-product-price price\"><del aria-hidden=\"true\"><span class=\"woocommerce-Price-amount amount\">84,00&nbsp;<span class=\"woocommerce-Price-currencySymbol\">&euro;<\/span><\/span><\/del> <span class=\"screen-reader-text\" data-no-translation=\"\" data-trp-gettext=\"\">Original price was: 84,00&nbsp;&euro;.<\/span><ins aria-hidden=\"true\"><span class=\"woocommerce-Price-amount amount\">70,00&nbsp;<span class=\"woocommerce-Price-currencySymbol\">&euro;<\/span><\/span><\/ins><span class=\"screen-reader-text\" data-no-translation=\"\" data-trp-gettext=\"\">Current price is: 70,00&nbsp;&euro;.<\/span><\/div>\n\t\t\t\t\t<\/div>\n\t\t\t\t<div class=\"qodef-e-product-categories\"><a href=\"https:\/\/zaisbio.com\/en\/categorias\/productos-zais\" rel=\"tag\">Productos Zais<\/a><\/div>\n\t\t\t\t\t\t\t\t<\/div>\n\t<\/div>\n<\/div>\n<div class=\"qodef-e qodef-grid-item add-to-wishlist-after_add_to_cart product type-product post-10742 status-publish instock product_cat-productos-zais product_tag-aceite-de-oliva-virgen-extra product_tag-organico-y-biodinamico product_tag-picual product_tag-zais-bio has-post-thumbnail sale taxable shipping-taxable purchasable product-type-simple\">\n\t<div class=\"qodef-e-product-inner\">\n\t\t\t\t\t<div class=\"qodef-e-product-image\">\n\t\t\t\t<div class=\"qodef-e-product-image-holder\">\n\t\t\t\t\t\t\t\t\t\t<img loading=\"lazy\" decoding=\"async\" width=\"1385\" height=\"1544\" src=\"https:\/\/zaisbio.com\/wp-content\/uploads\/2026\/01\/oferta-botella-aceite-ecologico-arbequina-zais.webp\" class=\"attachment-full size-full\" alt=\"Pack de 6 botellas Arbequina de 500ml\" srcset=\"https:\/\/zaisbio.com\/wp-content\/uploads\/2026\/01\/oferta-botella-aceite-ecologico-arbequina-zais.webp 1385w, https:\/\/zaisbio.com\/wp-content\/uploads\/2026\/01\/oferta-botella-aceite-ecologico-arbequina-zais-269x300.webp 269w, https:\/\/zaisbio.com\/wp-content\/uploads\/2026\/01\/oferta-botella-aceite-ecologico-arbequina-zais-919x1024.webp 919w, https:\/\/zaisbio.com\/wp-content\/uploads\/2026\/01\/oferta-botella-aceite-ecologico-arbequina-zais-768x856.webp 768w, https:\/\/zaisbio.com\/wp-content\/uploads\/2026\/01\/oferta-botella-aceite-ecologico-arbequina-zais-1378x1536.webp 1378w, https:\/\/zaisbio.com\/wp-content\/uploads\/2026\/01\/oferta-botella-aceite-ecologico-arbequina-zais-11x12.webp 11w, https:\/\/zaisbio.com\/wp-content\/uploads\/2026\/01\/oferta-botella-aceite-ecologico-arbequina-zais-600x669.webp 600w\" sizes=\"(max-width: 1385px) 100vw, 1385px\" \/>\t\t\t\t<\/div>\n\t\t\t\t<a href=\"https:\/\/zaisbio.com\/en\/tienda\/zais-arbequina-promocion-6-botellas\" class=\"woocommerce-LoopProduct-link woocommerce-loop-product__link\"><\/a>\t\t\t\t<div class=\"qodef-e-product-image-inner\">\n\t\t\t\t\t<a class=\"qodef-shortcode qodef-m button product_type_simple add_to_cart_button ajax_add_to_cart qodef-qi-button qodef-html--link qodef-layout--filled qodef-type--standard qodef-size--small qodef-icon--right qodef-hover--icon-move-horizontal-short\" href=\"\/en\/wp-json\/wp\/v2\/pages\/8130?add-to-cart=10742\" target=\"_self\" data-product_id=\"10742\" data-product_sku=\"8437027464003-5\" aria-label=\"Add to basket: \u201cZais Arbequina Pack 6 Botellas\u201d\" rel=\"nofollow\" data-quantity=\"1\" data-no-translation-aria-label=\"\">\t<span class=\"qodef-m-text\" data-no-translation=\"\" data-trp-gettext=\"\">Add to basket<\/span>\t<\/a>\t\t\t\t<\/div>\n\t\t\t<\/div>\n\t\t\t\t<div class=\"qodef-e-product-content\">\n\t\t\t<div class=\"qodef-e-product-heading\">\n\t\t\t\t<h4 itemprop=\"name\" class=\"qodef-e-product-title qodef-e-title entry-title\">\n\t<a itemprop=\"url\" class=\"qodef-e-product-title-link\" href=\"https:\/\/zaisbio.com\/en\/tienda\/zais-arbequina-promocion-6-botellas\">\n\t\tZais Arbequina Pack 6 Botellas\t<\/a>\n<\/h4>\n\t\t\t\t\t\t<div class=\"qodef-woo-product-price price\"><del aria-hidden=\"true\"><span class=\"woocommerce-Price-amount amount\">84,00&nbsp;<span class=\"woocommerce-Price-currencySymbol\">&euro;<\/span><\/span><\/del> <span class=\"screen-reader-text\" data-no-translation=\"\" data-trp-gettext=\"\">Original price was: 84,00&nbsp;&euro;.<\/span><ins aria-hidden=\"true\"><span class=\"woocommerce-Price-amount amount\">70,00&nbsp;<span class=\"woocommerce-Price-currencySymbol\">&euro;<\/span><\/span><\/ins><span class=\"screen-reader-text\" data-no-translation=\"\" data-trp-gettext=\"\">Current price is: 70,00&nbsp;&euro;.<\/span><\/div>\n\t\t\t\t\t<\/div>\n\t\t\t\t<div class=\"qodef-e-product-categories\"><a href=\"https:\/\/zaisbio.com\/en\/categorias\/productos-zais\" rel=\"tag\">Productos Zais<\/a><\/div>\n\t\t\t\t\t\t\t\t<\/div>\n\t<\/div>\n<\/div>\n<div class=\"qodef-e qodef-grid-item add-to-wishlist-after_add_to_cart product type-product post-10733 status-publish last instock product_cat-productos-zais product_tag-aceite-de-oliva-virgen-extra product_tag-organico-y-biodinamico product_tag-picual product_tag-zais-bio has-post-thumbnail sale taxable shipping-taxable purchasable product-type-simple\">\n\t<div class=\"qodef-e-product-inner\">\n\t\t\t\t\t<div class=\"qodef-e-product-image\">\n\t\t\t\t<div class=\"qodef-e-product-image-holder\">\n\t\t\t\t\t\t\t\t\t\t<img loading=\"lazy\" decoding=\"async\" width=\"1385\" height=\"1544\" src=\"https:\/\/zaisbio.com\/wp-content\/uploads\/2026\/01\/oferta-botella-aceite-ecologico-frantoio-zais.webp\" class=\"attachment-full size-full\" alt=\"Pack de 6 botellas Frantoio de 500ml\" srcset=\"https:\/\/zaisbio.com\/wp-content\/uploads\/2026\/01\/oferta-botella-aceite-ecologico-frantoio-zais.webp 1385w, https:\/\/zaisbio.com\/wp-content\/uploads\/2026\/01\/oferta-botella-aceite-ecologico-frantoio-zais-269x300.webp 269w, https:\/\/zaisbio.com\/wp-content\/uploads\/2026\/01\/oferta-botella-aceite-ecologico-frantoio-zais-919x1024.webp 919w, https:\/\/zaisbio.com\/wp-content\/uploads\/2026\/01\/oferta-botella-aceite-ecologico-frantoio-zais-768x856.webp 768w, https:\/\/zaisbio.com\/wp-content\/uploads\/2026\/01\/oferta-botella-aceite-ecologico-frantoio-zais-1378x1536.webp 1378w, https:\/\/zaisbio.com\/wp-content\/uploads\/2026\/01\/oferta-botella-aceite-ecologico-frantoio-zais-11x12.webp 11w, https:\/\/zaisbio.com\/wp-content\/uploads\/2026\/01\/oferta-botella-aceite-ecologico-frantoio-zais-600x669.webp 600w\" sizes=\"(max-width: 1385px) 100vw, 1385px\" \/>\t\t\t\t<\/div>\n\t\t\t\t<a href=\"https:\/\/zaisbio.com\/en\/tienda\/zais-frantoio-promocion-6-botellas\" class=\"woocommerce-LoopProduct-link woocommerce-loop-product__link\"><\/a>\t\t\t\t<div class=\"qodef-e-product-image-inner\">\n\t\t\t\t\t<a class=\"qodef-shortcode qodef-m button product_type_simple add_to_cart_button ajax_add_to_cart qodef-qi-button qodef-html--link qodef-layout--filled qodef-type--standard qodef-size--small qodef-icon--right qodef-hover--icon-move-horizontal-short\" href=\"\/en\/wp-json\/wp\/v2\/pages\/8130?add-to-cart=10733\" target=\"_self\" data-product_id=\"10733\" data-product_sku=\"8437027464003-4\" aria-label=\"Add to basket: \u201cZais Frantoio Pack 6 Botellas\u201d\" rel=\"nofollow\" data-quantity=\"1\" data-no-translation-aria-label=\"\">\t<span class=\"qodef-m-text\" data-no-translation=\"\" data-trp-gettext=\"\">Add to basket<\/span>\t<\/a>\t\t\t\t<\/div>\n\t\t\t<\/div>\n\t\t\t\t<div class=\"qodef-e-product-content\">\n\t\t\t<div class=\"qodef-e-product-heading\">\n\t\t\t\t<h4 itemprop=\"name\" class=\"qodef-e-product-title qodef-e-title entry-title\">\n\t<a itemprop=\"url\" class=\"qodef-e-product-title-link\" href=\"https:\/\/zaisbio.com\/en\/tienda\/zais-frantoio-promocion-6-botellas\">\n\t\tZais Frantoio Pack 6 Botellas\t<\/a>\n<\/h4>\n\t\t\t\t\t\t<div class=\"qodef-woo-product-price price\"><del aria-hidden=\"true\"><span class=\"woocommerce-Price-amount amount\">84,00&nbsp;<span class=\"woocommerce-Price-currencySymbol\">&euro;<\/span><\/span><\/del> <span class=\"screen-reader-text\" data-no-translation=\"\" data-trp-gettext=\"\">Original price was: 84,00&nbsp;&euro;.<\/span><ins aria-hidden=\"true\"><span class=\"woocommerce-Price-amount amount\">70,00&nbsp;<span class=\"woocommerce-Price-currencySymbol\">&euro;<\/span><\/span><\/ins><span class=\"screen-reader-text\" data-no-translation=\"\" data-trp-gettext=\"\">Current price is: 70,00&nbsp;&euro;.<\/span><\/div>\n\t\t\t\t\t<\/div>\n\t\t\t\t<div class=\"qodef-e-product-categories\"><a href=\"https:\/\/zaisbio.com\/en\/categorias\/productos-zais\" rel=\"tag\">Productos Zais<\/a><\/div>\n\t\t\t\t\t\t\t\t<\/div>\n\t<\/div>\n<\/div>\n\t<\/div>\n\t<\/div>\n\t\t\t\t<\/div>\n\t\t\t\t<\/div>\n\t\t\t\t\t<\/div>\n\t\t<\/div>\n\t\t\t\t\t<\/div>\n\t\t<\/section>\n\t\t\t\t<\/div>","protected":false},"excerpt":{"rendered":"<p>NUESTROS ACEITES DISPONIBLES PARA COMPRA ONLINE A\u00f1adir al carrito Zais Picual 14,00&nbsp;&euro; Productos Zais A\u00f1adir al carrito Zais Arbequina 14,00&nbsp;&euro; Productos Zais A\u00f1adir al carrito Zais Frantoio 14,00&nbsp;&euro; Productos Zais A\u00f1adir al carrito Zais Frantoio Pack 6 Botellas 84,00&nbsp;&euro; El precio original era: 84,00&nbsp;&euro;.70,00&nbsp;&euro;El precio actual es: 70,00&nbsp;&euro;. Productos Zais<\/p>","protected":false},"author":1,"featured_media":0,"parent":0,"menu_order":0,"comment_status":"closed","ping_status":"closed","template":"page-full-width.php","meta":{"om_disable_all_campaigns":false,"footnotes":""},"class_list":["post-8130","page","type-page","status-publish","hentry"],"aioseo_notices":[],"_links":{"self":[{"href":"https:\/\/zaisbio.com\/en\/wp-json\/wp\/v2\/pages\/8130","targetHints":{"allow":["GET"]}}],"collection":[{"href":"https:\/\/zaisbio.com\/en\/wp-json\/wp\/v2\/pages"}],"about":[{"href":"https:\/\/zaisbio.com\/en\/wp-json\/wp\/v2\/types\/page"}],"author":[{"embeddable":true,"href":"https:\/\/zaisbio.com\/en\/wp-json\/wp\/v2\/users\/1"}],"replies":[{"embeddable":true,"href":"https:\/\/zaisbio.com\/en\/wp-json\/wp\/v2\/comments?post=8130"}],"version-history":[{"count":65,"href":"https:\/\/zaisbio.com\/en\/wp-json\/wp\/v2\/pages\/8130\/revisions"}],"predecessor-version":[{"id":10738,"href":"https:\/\/zaisbio.com\/en\/wp-json\/wp\/v2\/pages\/8130\/revisions\/10738"}],"wp:attachment":[{"href":"https:\/\/zaisbio.com\/en\/wp-json\/wp\/v2\/media?parent=8130"}],"curies":[{"name":"wp","href":"https:\/\/api.w.org\/{rel}","templated":true}]}}