{"id":6091,"date":"2023-06-29T14:10:04","date_gmt":"2023-06-29T14:10:04","guid":{"rendered":"https:\/\/zaisbio.com\/?page_id=6091"},"modified":"2024-06-11T07:41:41","modified_gmt":"2024-06-11T07:41:41","slug":"contacto","status":"publish","type":"page","link":"https:\/\/zaisbio.com\/en\/contacto","title":{"rendered":"Contact"},"content":{"rendered":"<div data-elementor-type=\"wp-page\" data-elementor-id=\"6091\" class=\"elementor elementor-6091\">\n\t\t\t\t\t\t<section class=\"elementor-section elementor-top-section elementor-element elementor-element-9241144 elementor-section-stretched elementor-section-boxed elementor-section-height-default elementor-section-height-default qodef-elementor-content-no\" data-id=\"9241144\" data-element_type=\"section\" data-settings=\"{&quot;stretch_section&quot;:&quot;section-stretched&quot;,&quot;background_background&quot;:&quot;classic&quot;}\">\n\t\t\t\t\t\t<div class=\"elementor-container elementor-column-gap-default\">\n\t\t\t\t\t<div class=\"elementor-column elementor-col-50 elementor-top-column elementor-element elementor-element-84f8ffd\" data-id=\"84f8ffd\" data-element_type=\"column\" data-settings=\"{&quot;background_background&quot;:&quot;classic&quot;}\">\n\t\t\t<div class=\"elementor-widget-wrap elementor-element-populated\">\n\t\t\t\t\t\t<div class=\"elementor-element elementor-element-abf59a5 elementor-widget elementor-widget-heading\" data-id=\"abf59a5\" data-element_type=\"widget\" data-widget_type=\"heading.default\">\n\t\t\t\t<div class=\"elementor-widget-container\">\n\t\t\t\t\t<h2 class=\"elementor-heading-title elementor-size-default\">Do you want to know more about us?<\/h2>\t\t\t\t<\/div>\n\t\t\t\t<\/div>\n\t\t\t\t<div class=\"elementor-element elementor-element-913cf80 elementor-widget elementor-widget-text-editor\" data-id=\"913cf80\" data-element_type=\"widget\" data-widget_type=\"text-editor.default\">\n\t\t\t\t<div class=\"elementor-widget-container\">\n\t\t\t\t\t\t\t\t\t<p>We are happy to help you with whatever you need. Thanks for visiting our website. Please complete the following form so that we can respond to your query effectively.<\/p><p><strong>We will be happy to respond to you as soon as possible.<\/strong><\/p>\t\t\t\t\t\t\t\t<\/div>\n\t\t\t\t<\/div>\n\t\t\t\t<div class=\"elementor-element elementor-element-bd7e438 elementor-widget elementor-widget-spacer\" data-id=\"bd7e438\" data-element_type=\"widget\" data-widget_type=\"spacer.default\">\n\t\t\t\t<div class=\"elementor-widget-container\">\n\t\t\t\t\t\t\t<div class=\"elementor-spacer\">\n\t\t\t<div class=\"elementor-spacer-inner\"><\/div>\n\t\t<\/div>\n\t\t\t\t\t\t<\/div>\n\t\t\t\t<\/div>\n\t\t\t\t<div class=\"elementor-element elementor-element-3a0f8ea elementor-invisible elementor-widget elementor-widget-image\" data-id=\"3a0f8ea\" data-element_type=\"widget\" data-settings=\"{&quot;_animation&quot;:&quot;fadeInLeft&quot;}\" data-widget_type=\"image.default\">\n\t\t\t\t<div class=\"elementor-widget-container\">\n\t\t\t\t\t\t\t\t\t\t\t\t\t\t\t<img fetchpriority=\"high\" decoding=\"async\" width=\"2001\" height=\"1066\" src=\"https:\/\/zaisbio.com\/wp-content\/uploads\/2023\/06\/zais-aceite-biodinamico-fondo-molino-antiguo-aceite.webp\" class=\"attachment-full size-full wp-image-6142\" alt=\"Contacto. Aceites Biodin\u00e1micos en Ja\u00e9n. Zais Bio.\" srcset=\"https:\/\/zaisbio.com\/wp-content\/uploads\/2023\/06\/zais-aceite-biodinamico-fondo-molino-antiguo-aceite.webp 2001w, https:\/\/zaisbio.com\/wp-content\/uploads\/2023\/06\/zais-aceite-biodinamico-fondo-molino-antiguo-aceite-300x160.webp 300w, https:\/\/zaisbio.com\/wp-content\/uploads\/2023\/06\/zais-aceite-biodinamico-fondo-molino-antiguo-aceite-1024x546.webp 1024w, https:\/\/zaisbio.com\/wp-content\/uploads\/2023\/06\/zais-aceite-biodinamico-fondo-molino-antiguo-aceite-768x409.webp 768w, https:\/\/zaisbio.com\/wp-content\/uploads\/2023\/06\/zais-aceite-biodinamico-fondo-molino-antiguo-aceite-1536x818.webp 1536w, https:\/\/zaisbio.com\/wp-content\/uploads\/2023\/06\/zais-aceite-biodinamico-fondo-molino-antiguo-aceite-600x320.webp 600w\" sizes=\"(max-width: 2001px) 100vw, 2001px\" \/>\t\t\t\t\t\t\t\t\t\t\t\t\t\t\t<\/div>\n\t\t\t\t<\/div>\n\t\t\t\t\t<\/div>\n\t\t<\/div>\n\t\t\t\t<div class=\"elementor-column elementor-col-50 elementor-top-column elementor-element elementor-element-072569e\" data-id=\"072569e\" data-element_type=\"column\" data-settings=\"{&quot;background_background&quot;:&quot;classic&quot;}\">\n\t\t\t<div class=\"elementor-widget-wrap elementor-element-populated\">\n\t\t\t\t\t\t<div class=\"elementor-element elementor-element-56dde66 elementor-widget elementor-widget-qi_addons_for_elementor_contact_form_7\" data-id=\"56dde66\" data-element_type=\"widget\" data-widget_type=\"qi_addons_for_elementor_contact_form_7.default\">\n\t\t\t\t<div class=\"elementor-widget-container\">\n\t\t\t\t\t<div class=\"qodef-shortcode qodef-m qodef-qi-contact-form-7\">\n\t\n<div class=\"wpcf7 no-js\" id=\"wpcf7-f8-o1\" lang=\"es-ES\" dir=\"ltr\" data-wpcf7-id=\"8\">\n<div class=\"screen-reader-response\"><p role=\"status\" aria-live=\"polite\" aria-atomic=\"true\"><\/p> <ul><\/ul><\/div>\n<form action=\"\/en\/wp-json\/wp\/v2\/pages\/6091#wpcf7-f8-o1\" method=\"post\" class=\"wpcf7-form init\" aria-label=\"Formulario de contacto\" novalidate=\"novalidate\" data-status=\"init\" data-trp-original-action=\"\/en\/wp-json\/wp\/v2\/pages\/6091#wpcf7-f8-o1\">\n<fieldset class=\"hidden-fields-container\"><input type=\"hidden\" name=\"_wpcf7\" value=\"8\" \/><input type=\"hidden\" name=\"_wpcf7_version\" value=\"6.1.4\" \/><input type=\"hidden\" name=\"_wpcf7_locale\" value=\"es_ES\" \/><input type=\"hidden\" name=\"_wpcf7_unit_tag\" value=\"wpcf7-f8-o1\" \/><input type=\"hidden\" name=\"_wpcf7_container_post\" value=\"0\" \/><input type=\"hidden\" name=\"_wpcf7_posted_data_hash\" value=\"\" \/><input type=\"hidden\" name=\"_wpcf7_recaptcha_response\" value=\"\" \/>\n<\/fieldset>\n<label> Name\n    <span class=\"wpcf7-form-control-wrap\" data-name=\"your-name\"><input size=\"40\" maxlength=\"400\" class=\"wpcf7-form-control wpcf7-text wpcf7-validates-as-required\" autocomplete=\"name\" aria-required=\"true\" aria-invalid=\"false\" value=\"\" type=\"text\" name=\"your-name\" \/><\/span> <\/label>\n\n<label> Email\n    <span class=\"wpcf7-form-control-wrap\" data-name=\"your-email\"><input size=\"40\" maxlength=\"400\" class=\"wpcf7-form-control wpcf7-email wpcf7-validates-as-required wpcf7-text wpcf7-validates-as-email\" autocomplete=\"email\" aria-required=\"true\" aria-invalid=\"false\" value=\"\" type=\"email\" name=\"your-email\" \/><\/span> <\/label>\n\n<label> Phone\n    <span class=\"wpcf7-form-control-wrap\" data-name=\"your-tel\"><input size=\"40\" maxlength=\"400\" class=\"wpcf7-form-control wpcf7-tel wpcf7-validates-as-required wpcf7-text wpcf7-validates-as-tel\" autocomplete=\"tel\" aria-required=\"true\" aria-invalid=\"false\" value=\"\" type=\"tel\" name=\"your-tel\" \/><\/span> <\/label>\n\n<label> Issue\n    <span class=\"wpcf7-form-control-wrap\" data-name=\"your-subject\"><input size=\"40\" maxlength=\"400\" class=\"wpcf7-form-control wpcf7-text wpcf7-validates-as-required\" aria-required=\"true\" aria-invalid=\"false\" value=\"\" type=\"text\" name=\"your-subject\" \/><\/span> <\/label>\n\n<label style=\"margin-bottom:12px\"> Message \n    <span class=\"wpcf7-form-control-wrap\" data-name=\"your-message\"><textarea cols=\"40\" rows=\"5\" maxlength=\"2000\" class=\"wpcf7-form-control wpcf7-textarea\" aria-invalid=\"false\" name=\"your-message\"><\/textarea><\/span> <\/label>\n\n<p style=\"margin-top:15px;font-size:11px\"><span class=\"wpcf7-form-control-wrap\" data-name=\"acceptance-01-zais\"><span class=\"wpcf7-form-control wpcf7-acceptance\"><span class=\"wpcf7-list-item\"><label><input type=\"checkbox\" name=\"acceptance-01-zais\" value=\"1\" aria-invalid=\"false\" \/><span class=\"wpcf7-list-item-label\">I confirm that I have read and accept the <a href=\"https:\/\/zaisbio.com\/politica-de-privacidad\" target=\"_blanc\"> Privacy Policy. <\/a><\/span><\/label><\/span><\/span><\/span><p>\n<p style=\"margin-top:-15px;font-size:11px\"><span class=\"wpcf7-form-control-wrap\" data-name=\"acceptance-02-zais\"><span class=\"wpcf7-form-control wpcf7-acceptance optional\"><span class=\"wpcf7-list-item\"><label><input type=\"checkbox\" name=\"acceptance-02-zais\" value=\"1\" aria-invalid=\"false\" \/><span class=\"wpcf7-list-item-label\">I consent to the use of my data for commercial shipments.<\/span><\/label><\/span><\/span><\/span><\/p>\n<div>\n<button class=\"wpcf7-form-control wpcf7-submit qodef-button qodef-size--normal qodef-layout--filled qodef-m\" type=\"submit\"><span class=\"qodef-m-text\">Send Inquiry<\/span><\/button>\n<\/div>\n<p style=\"font-size:11px;line-height:15px;margin-top:35px\">\nResponsible: Grupo Syrona SL\nDPD Email: info@zaisbio.com\nPurpose: Management and response to requests and queries. Use of data to send commercial information.\nRights: Access, rectify and delete data, request data portability, oppose processing, request its limitation and withdraw consent.<\/p><div class=\"wpcf7-response-output\" aria-hidden=\"true\"><\/div>\n<input type=\"hidden\" name=\"trp-form-language\" value=\"en\"\/><\/form>\n<\/div>\n<\/div>\n\t\t\t\t<\/div>\n\t\t\t\t<\/div>\n\t\t\t\t\t<\/div>\n\t\t<\/div>\n\t\t\t\t\t<\/div>\n\t\t<\/section>\n\t\t\t\t<section class=\"elementor-section elementor-top-section elementor-element elementor-element-a7e8e38 elementor-section-boxed elementor-section-height-default elementor-section-height-default qodef-elementor-content-no\" data-id=\"a7e8e38\" data-element_type=\"section\" data-settings=\"{&quot;background_background&quot;:&quot;classic&quot;}\">\n\t\t\t\t\t\t<div class=\"elementor-container elementor-column-gap-default\">\n\t\t\t\t\t<div class=\"elementor-column elementor-col-50 elementor-top-column elementor-element elementor-element-434af79\" data-id=\"434af79\" data-element_type=\"column\">\n\t\t\t<div class=\"elementor-widget-wrap elementor-element-populated\">\n\t\t\t\t\t\t<section class=\"elementor-section elementor-inner-section elementor-element elementor-element-e682d49 elementor-section-boxed elementor-section-height-default elementor-section-height-default qodef-elementor-content-no\" data-id=\"e682d49\" data-element_type=\"section\">\n\t\t\t\t\t\t<div class=\"elementor-container elementor-column-gap-default\">\n\t\t\t\t\t<div class=\"elementor-column elementor-col-50 elementor-inner-column elementor-element elementor-element-8e46a7f\" data-id=\"8e46a7f\" data-element_type=\"column\">\n\t\t\t<div class=\"elementor-widget-wrap elementor-element-populated\">\n\t\t\t\t\t\t<div class=\"elementor-element elementor-element-d70ceee elementor-widget elementor-widget-image\" data-id=\"d70ceee\" data-element_type=\"widget\" data-widget_type=\"image.default\">\n\t\t\t\t<div class=\"elementor-widget-container\">\n\t\t\t\t\t\t\t\t\t\t\t\t\t\t\t<img decoding=\"async\" width=\"1024\" height=\"971\" src=\"https:\/\/zaisbio.com\/wp-content\/uploads\/2023\/06\/zais-contacto-aceite-biodinamico-manos-aceitunas-1024x971.webp\" class=\"attachment-large size-large wp-image-6227\" alt=\"La Finca. Aceites Biodin\u00e1micos en Ja\u00e9n. Zais Bio.\" srcset=\"https:\/\/zaisbio.com\/wp-content\/uploads\/2023\/06\/zais-contacto-aceite-biodinamico-manos-aceitunas-1024x971.webp 1024w, https:\/\/zaisbio.com\/wp-content\/uploads\/2023\/06\/zais-contacto-aceite-biodinamico-manos-aceitunas-300x285.webp 300w, https:\/\/zaisbio.com\/wp-content\/uploads\/2023\/06\/zais-contacto-aceite-biodinamico-manos-aceitunas-768x729.webp 768w, https:\/\/zaisbio.com\/wp-content\/uploads\/2023\/06\/zais-contacto-aceite-biodinamico-manos-aceitunas-600x569.webp 600w, https:\/\/zaisbio.com\/wp-content\/uploads\/2023\/06\/zais-contacto-aceite-biodinamico-manos-aceitunas.webp 1169w\" sizes=\"(max-width: 1024px) 100vw, 1024px\" \/>\t\t\t\t\t\t\t\t\t\t\t\t\t\t\t<\/div>\n\t\t\t\t<\/div>\n\t\t\t\t\t<\/div>\n\t\t<\/div>\n\t\t\t\t<div class=\"elementor-column elementor-col-50 elementor-inner-column elementor-element elementor-element-c377f4d\" data-id=\"c377f4d\" data-element_type=\"column\">\n\t\t\t<div class=\"elementor-widget-wrap elementor-element-populated\">\n\t\t\t\t\t\t<div class=\"elementor-element elementor-element-8a72929 elementor-widget elementor-widget-text-editor\" data-id=\"8a72929\" data-element_type=\"widget\" data-widget_type=\"text-editor.default\">\n\t\t\t\t<div class=\"elementor-widget-container\">\n\t\t\t\t\t\t\t\t\t<h5 style=\"font-weight: 400;\">On our farm, we are passionately dedicated to cultivating and producing high quality oil.\u00a0<\/h5>\t\t\t\t\t\t\t\t<\/div>\n\t\t\t\t<\/div>\n\t\t\t\t\t<\/div>\n\t\t<\/div>\n\t\t\t\t\t<\/div>\n\t\t<\/section>\n\t\t\t\t<section class=\"elementor-section elementor-inner-section elementor-element elementor-element-06dfbed elementor-section-boxed elementor-section-height-default elementor-section-height-default qodef-elementor-content-no\" data-id=\"06dfbed\" data-element_type=\"section\">\n\t\t\t\t\t\t<div class=\"elementor-container elementor-column-gap-default\">\n\t\t\t\t\t<div class=\"elementor-column elementor-col-100 elementor-inner-column elementor-element elementor-element-a2446bc\" data-id=\"a2446bc\" data-element_type=\"column\">\n\t\t\t<div class=\"elementor-widget-wrap elementor-element-populated\">\n\t\t\t\t\t\t<div class=\"elementor-element elementor-element-138b9f6 elementor-widget elementor-widget-text-editor\" data-id=\"138b9f6\" data-element_type=\"widget\" data-widget_type=\"text-editor.default\">\n\t\t\t\t<div class=\"elementor-widget-container\">\n\t\t\t\t\t\t\t\t\t<p>We invite you to visit our farm where you can learn about our agricultural practices, enjoy the natural beauty and learn about our high-quality products.\u00a0<\/p><p><strong style=\"color: var( --e-global-color-text ); font-family: var( --e-global-typography-text-font-family ), Sans-serif;\"><span style=\"caret-color: #070706; color: #070706; background-color: #ffffff;\">Write to us in the contact form and we will organize your visit and offer you a personalized experience.<\/span><\/strong><\/p>\t\t\t\t\t\t\t\t<\/div>\n\t\t\t\t<\/div>\n\t\t\t\t\t<\/div>\n\t\t<\/div>\n\t\t\t\t\t<\/div>\n\t\t<\/section>\n\t\t\t\t<section class=\"elementor-section elementor-inner-section elementor-element elementor-element-438c67c elementor-section-boxed elementor-section-height-default elementor-section-height-default qodef-elementor-content-no\" data-id=\"438c67c\" data-element_type=\"section\">\n\t\t\t\t\t\t<div class=\"elementor-container elementor-column-gap-default\">\n\t\t\t\t\t<div class=\"elementor-column elementor-col-100 elementor-inner-column elementor-element elementor-element-bcb9c11\" data-id=\"bcb9c11\" data-element_type=\"column\">\n\t\t\t<div class=\"elementor-widget-wrap elementor-element-populated\">\n\t\t\t\t\t\t<div class=\"elementor-element elementor-element-486ad0e elementor-widget elementor-widget-spacer\" data-id=\"486ad0e\" data-element_type=\"widget\" data-widget_type=\"spacer.default\">\n\t\t\t\t<div class=\"elementor-widget-container\">\n\t\t\t\t\t\t\t<div class=\"elementor-spacer\">\n\t\t\t<div class=\"elementor-spacer-inner\"><\/div>\n\t\t<\/div>\n\t\t\t\t\t\t<\/div>\n\t\t\t\t<\/div>\n\t\t\t\t\t<\/div>\n\t\t<\/div>\n\t\t\t\t\t<\/div>\n\t\t<\/section>\n\t\t\t\t<section class=\"elementor-section elementor-inner-section elementor-element elementor-element-9a0ea7a elementor-section-boxed elementor-section-height-default elementor-section-height-default qodef-elementor-content-no elementor-invisible\" data-id=\"9a0ea7a\" data-element_type=\"section\" data-settings=\"{&quot;background_background&quot;:&quot;classic&quot;,&quot;animation&quot;:&quot;fadeInUp&quot;}\">\n\t\t\t\t\t\t<div class=\"elementor-container elementor-column-gap-default\">\n\t\t\t\t\t<div class=\"elementor-column elementor-col-33 elementor-inner-column elementor-element elementor-element-8abde3c\" data-id=\"8abde3c\" data-element_type=\"column\">\n\t\t\t<div class=\"elementor-widget-wrap elementor-element-populated\">\n\t\t\t\t\t\t<div class=\"elementor-element elementor-element-eb21fca elementor-widget elementor-widget-text-editor\" data-id=\"eb21fca\" data-element_type=\"widget\" data-widget_type=\"text-editor.default\">\n\t\t\t\t<div class=\"elementor-widget-container\">\n\t\t\t\t\t\t\t\t\t<p style=\"text-align: center;\"><span style=\"color: #c7b200;\"><strong>C. Blas Infante 14, 3D, <br \/>23400 \u00dabeda, Ja\u00e9n<\/strong><\/span><\/p>\t\t\t\t\t\t\t\t<\/div>\n\t\t\t\t<\/div>\n\t\t\t\t\t<\/div>\n\t\t<\/div>\n\t\t\t\t<div class=\"elementor-column elementor-col-33 elementor-inner-column elementor-element elementor-element-ac663c7\" data-id=\"ac663c7\" data-element_type=\"column\">\n\t\t\t<div class=\"elementor-widget-wrap elementor-element-populated\">\n\t\t\t\t\t\t<div class=\"elementor-element elementor-element-e554a8b elementor-widget elementor-widget-image\" data-id=\"e554a8b\" data-element_type=\"widget\" data-widget_type=\"image.default\">\n\t\t\t\t<div class=\"elementor-widget-container\">\n\t\t\t\t\t\t\t\t\t\t\t\t\t\t\t<img decoding=\"async\" width=\"550\" height=\"312\" src=\"https:\/\/zaisbio.com\/wp-content\/uploads\/2023\/06\/zais-aceite-biodinamico-ecologico-finca-localizacion.webp\" class=\"attachment-large size-large wp-image-6229\" alt=\"La Finca. Aceites Biodin\u00e1micos en Ja\u00e9n. Zais Bio.\" srcset=\"https:\/\/zaisbio.com\/wp-content\/uploads\/2023\/06\/zais-aceite-biodinamico-ecologico-finca-localizacion.webp 550w, https:\/\/zaisbio.com\/wp-content\/uploads\/2023\/06\/zais-aceite-biodinamico-ecologico-finca-localizacion-300x170.webp 300w\" sizes=\"(max-width: 550px) 100vw, 550px\" \/>\t\t\t\t\t\t\t\t\t\t\t\t\t\t\t<\/div>\n\t\t\t\t<\/div>\n\t\t\t\t\t<\/div>\n\t\t<\/div>\n\t\t\t\t<div class=\"elementor-column elementor-col-33 elementor-inner-column elementor-element elementor-element-cb7b59a\" data-id=\"cb7b59a\" data-element_type=\"column\">\n\t\t\t<div class=\"elementor-widget-wrap elementor-element-populated\">\n\t\t\t\t\t\t<div class=\"elementor-element elementor-element-082ea71 elementor-widget elementor-widget-text-editor\" data-id=\"082ea71\" data-element_type=\"widget\" data-widget_type=\"text-editor.default\">\n\t\t\t\t<div class=\"elementor-widget-container\">\n\t\t\t\t\t\t\t\t\t<p style=\"text-align: center;\"><a href=\"mailto:info@zaisbio.com\"><strong><span style=\"color: #c7b200;\">info@zaisbio.com<\/span><\/strong><\/a> <br \/><strong><span style=\"color: #c7b200;\">657 809 471<\/span><\/strong><\/p>\t\t\t\t\t\t\t\t<\/div>\n\t\t\t\t<\/div>\n\t\t\t\t\t<\/div>\n\t\t<\/div>\n\t\t\t\t\t<\/div>\n\t\t<\/section>\n\t\t\t\t\t<\/div>\n\t\t<\/div>\n\t\t\t\t<div class=\"elementor-column elementor-col-50 elementor-top-column elementor-element elementor-element-9d0f147\" data-id=\"9d0f147\" data-element_type=\"column\">\n\t\t\t<div class=\"elementor-widget-wrap elementor-element-populated\">\n\t\t\t\t\t\t<div class=\"elementor-element elementor-element-76c91a7 elementor-widget elementor-widget-html\" data-id=\"76c91a7\" data-element_type=\"widget\" data-widget_type=\"html.default\">\n\t\t\t\t<div class=\"elementor-widget-container\">\n\t\t\t\t\t<iframe src=\"https:\/\/snazzymaps.com\/embed\/503677\" width=\"600px\" height=\"600px\" style=\"border:none;\"><\/iframe>\t\t\t\t<\/div>\n\t\t\t\t<\/div>\n\t\t\t\t\t<\/div>\n\t\t<\/div>\n\t\t\t\t\t<\/div>\n\t\t<\/section>\n\t\t\t\t<\/div>","protected":false},"excerpt":{"rendered":"<p>\u00bfQuieres saber m\u00e1s de nosotros\u200b? Estamos encantados de ayudarte en lo que necesites.\u00a0Gracias por visitar nuestro sitio web. Por favor, completa el siguiente formulario para que podamos atender tu consulta de manera efectiva. Estaremos encantados de responderte lo antes posible. Nombre Correo electr\u00f3nico Tel\u00e9fono Asunto Mensaje Confirmo que he le\u00eddo y acepto la Pol\u00edtica de [&hellip;]<\/p>","protected":false},"author":1,"featured_media":0,"parent":0,"menu_order":0,"comment_status":"closed","ping_status":"closed","template":"page-full-width.php","meta":{"om_disable_all_campaigns":false,"footnotes":""},"class_list":["post-6091","page","type-page","status-publish","hentry"],"aioseo_notices":[],"_links":{"self":[{"href":"https:\/\/zaisbio.com\/en\/wp-json\/wp\/v2\/pages\/6091","targetHints":{"allow":["GET"]}}],"collection":[{"href":"https:\/\/zaisbio.com\/en\/wp-json\/wp\/v2\/pages"}],"about":[{"href":"https:\/\/zaisbio.com\/en\/wp-json\/wp\/v2\/types\/page"}],"author":[{"embeddable":true,"href":"https:\/\/zaisbio.com\/en\/wp-json\/wp\/v2\/users\/1"}],"replies":[{"embeddable":true,"href":"https:\/\/zaisbio.com\/en\/wp-json\/wp\/v2\/comments?post=6091"}],"version-history":[{"count":200,"href":"https:\/\/zaisbio.com\/en\/wp-json\/wp\/v2\/pages\/6091\/revisions"}],"predecessor-version":[{"id":8800,"href":"https:\/\/zaisbio.com\/en\/wp-json\/wp\/v2\/pages\/6091\/revisions\/8800"}],"wp:attachment":[{"href":"https:\/\/zaisbio.com\/en\/wp-json\/wp\/v2\/media?parent=6091"}],"curies":[{"name":"wp","href":"https:\/\/api.w.org\/{rel}","templated":true}]}}