{"id":3,"date":"2023-05-29T08:11:27","date_gmt":"2023-05-29T08:11:27","guid":{"rendered":"http:\/\/zaisbio.com\/?page_id=3"},"modified":"2023-10-30T09:34:17","modified_gmt":"2023-10-30T09:34:17","slug":"politica-de-privacidad","status":"publish","type":"page","link":"https:\/\/zaisbio.com\/en\/politica-de-privacidad","title":{"rendered":"Privacy Policy"},"content":{"rendered":"<div data-elementor-type=\"wp-page\" data-elementor-id=\"3\" class=\"elementor elementor-3\">\n\t\t\t\t\t\t<section class=\"elementor-section elementor-top-section elementor-element elementor-element-d1969a5 elementor-section-full_width elementor-section-height-default elementor-section-height-default qodef-elementor-content-no\" data-id=\"d1969a5\" data-element_type=\"section\">\n\t\t\t\t\t\t<div class=\"elementor-container elementor-column-gap-default\">\n\t\t\t\t\t<div class=\"elementor-column elementor-col-33 elementor-top-column elementor-element elementor-element-144b38b\" data-id=\"144b38b\" data-element_type=\"column\">\n\t\t\t<div class=\"elementor-widget-wrap elementor-element-populated\">\n\t\t\t\t\t\t<div class=\"elementor-element elementor-element-be5f103 elementor-widget elementor-widget-text-editor\" data-id=\"be5f103\" data-element_type=\"widget\" data-widget_type=\"text-editor.default\">\n\t\t\t\t<div class=\"elementor-widget-container\">\n\t\t\t\t\t\t\t\t\t<h5 style=\"font-weight: 400;\"><span style=\"color: #c7b200;\"><strong>Privacy Policy<\/strong><\/span><\/h5><p style=\"font-weight: 400;\">De conformidad con lo establecido en el REGLAMENTO (UE) 2016\/679 de protecci\u00f3n de datos de car\u00e1cter personal y la Ley Org\u00e1nica 3\/2018, de 5 de diciembre, de Protecci\u00f3n de Datos y garant\u00eda de los derechos digitales, le informamos que a trav\u00e9s de este sitio web no se recaban datos de car\u00e1cter personal de los usuarios sin su conocimiento, ni se ceden a terceros.<\/p><p style=\"font-weight: 400;\">La web de la que es titular Grupo Syrona SL contiene enlaces a sitios webs de terceros, cuyas pol\u00edticas de privacidad son ajenas a las de Grupo Syrona SL.<\/p><p style=\"font-weight: 400;\">Al acceder a tales sitios web usted puede decidir si acepta sus pol\u00edticas de privacidad y de cookies. Con car\u00e1cter general, si navega por internet usted puede aceptar o rechazar las cookies de terceros desde las opciones de configuraci\u00f3n de su navegador.<\/p><h5 style=\"font-weight: 400;\"><span style=\"color: #c7b200;\"><strong>Identificaci\u00f3n del responsable del tratamiento.<\/strong><\/span><\/h5><ul><li>Responsable:\u00a0Grupo Syrona SL<\/li><li>Nombre Sitio Web: Zais Bio<\/li><li>CIF:\u00a0 B84400159<\/li><li>Tel\u00e9fono: 657809471<\/li><li>E-mail delegado de protecci\u00f3n de datos:\u00a0<a href=\"mailto:info@zaisbio.com\">info@zaisbio.com<\/a><\/li><li>Direcci\u00f3n para ejercicio de los derechos:\u00a0Calle Jos\u00e9 Demetrio Calleja 28, Alcal\u00e1 de Henares 28804 \u2013 Madrid.<\/li><\/ul><h5 style=\"font-weight: 400;\"><span style=\"color: #c7b200;\"><strong>Procedencia y categor\u00edas de los datos que tratamos<\/strong><\/span><\/h5><p style=\"font-weight: 400;\"><u>Procedencia:<\/u>\u00a0Los datos que tratamos proceden directamente del propio interesado y los obtenemos a trav\u00e9s de e-mail, tel\u00e9fono y formularios Web<br \/><u>Las categor\u00edas de datos que tratamos son:<br \/>Contacto.<\/u>\u00a0Datos identificativos: Nombre, apellidos, tel\u00e9fono, e-mail, direcci\u00f3n postal, datos.<br \/><u>Im\u00e1gene<\/u>s: fotograf\u00edas publicadas en nuestra web, con el consentimiento.<\/p><h5 style=\"font-weight: 400;\"><span style=\"color: #c7b200;\"><strong>Finalidad y legitimaci\u00f3n del tratamiento de sus datos personales<\/strong><\/span><\/h5><table style=\"font-weight: 400;\" width=\"100%\"><tbody><tr><td><p>FORMULARIO DE CONTACTO<\/p><p>Contactar con los usuarios a trav\u00e9s de e-mail o tel\u00e9fono para responder a sus consultas, dudas, sugerencias y otras peticiones que nos realicen, y responder a su solicitud de informaci\u00f3n y\/o presupuesto sobre nuestros servicios.<\/p><\/td><td width=\"378\"><p>Art 6.1b) del RGPD.\u00a0 El tratamiento de los datos es necesario para aplicar medidas precontractuales a petici\u00f3n del interesado.<\/p><\/td><\/tr><tr><td><p>FORMULARIO TRABAJA CON NOSTROS \u2013 Recepci\u00f3n y gesti\u00f3n de los Curriculums Vitae<\/p><p>llevar a cabo los procesos abiertos de selecci\u00f3n de personal y el archivo de los curriculum vitae recibidos con el objeto de concertar, en un futuro, las entrevistas de trabajo para cubrir las vacantes que se ajuste al perfil de los aspirantes.<\/p><\/td><td width=\"378\"><p>Art 6.1b) del RGPD.\u00a0 El tratamiento de los datos es necesario para aplicar medidas precontractuales a petici\u00f3n del interesado.<\/p><p>Art. 6.1 a) RGPD El interesado dio su consentimiento para este fin espec\u00edfico: el consentimiento prestado para la conservaci\u00f3n de los curriculums vitae para futuros procesos de selecci\u00f3n de personal.<\/p><\/td><\/tr><tr><td><p>FOTOGRAF\u00cdAS Y VIDEOS EN LA WEB<\/p><p>El tratamiento de im\u00e1genes para publicarlas en nuestra p\u00e1gina Web y en nuestros perfiles en Redes Sociales con fines publicitarios.<\/p><\/td><td><p>Art. 6.1 a) RGPD El interesado dio su consentimiento para este fin espec\u00edfico.<\/p><\/td><\/tr><tr><td width=\"293\"><p>ENVIOS PUBLICITARIOS Y COMUNICACIONES<\/p><p>El env\u00edo de informaci\u00f3n publicitaria y comunicaciones relacionadas con nuestras actividades a trav\u00e9s de e-mail, tel\u00e9fono y correo postal.<\/p><\/td><td><p>Art. 6.1 a) RGPD El interesado dio su consentimiento para este fin espec\u00edfico.<\/p><\/td><\/tr><\/tbody><\/table><p style=\"font-weight: 400;\">\u00a0<\/p>\t\t\t\t\t\t\t\t<\/div>\n\t\t\t\t<\/div>\n\t\t\t\t\t<\/div>\n\t\t<\/div>\n\t\t\t\t<div class=\"elementor-column elementor-col-33 elementor-top-column elementor-element elementor-element-60f37e6\" data-id=\"60f37e6\" data-element_type=\"column\" data-settings=\"{&quot;background_background&quot;:&quot;classic&quot;}\">\n\t\t\t<div class=\"elementor-widget-wrap\">\n\t\t\t\t\t\t\t<\/div>\n\t\t<\/div>\n\t\t\t\t<div class=\"elementor-column elementor-col-33 elementor-top-column elementor-element elementor-element-c29ac1c\" data-id=\"c29ac1c\" data-element_type=\"column\">\n\t\t\t<div class=\"elementor-widget-wrap elementor-element-populated\">\n\t\t\t\t\t\t<div class=\"elementor-element elementor-element-f1a136a elementor-widget elementor-widget-text-editor\" data-id=\"f1a136a\" data-element_type=\"widget\" data-widget_type=\"text-editor.default\">\n\t\t\t\t<div class=\"elementor-widget-container\">\n\t\t\t\t\t\t\t\t\t<h5 style=\"font-weight: 400;\"><span style=\"color: #c7b200;\"><strong>Conservaci\u00f3n de sus datos personales<\/strong><\/span><\/h5><p style=\"font-weight: 400;\">Sus datos ser\u00e1n conservados durante los plazos legalmente establecidos en funci\u00f3n de los fines para los que fueron obtenidos, seg\u00fan detallamos a continuaci\u00f3n:<\/p><p style=\"font-weight: 400;\"><u>Adopci\u00f3n de medidas precontractuales:<\/u>\u00a0Cuando el tratamiento de sus datos est\u00e9 basado en la aplicaci\u00f3n de medidas precontractuales para atender su petici\u00f3n de informaci\u00f3n y\/o presupuesto, sus datos ser\u00e1n conservados por un per\u00edodo m\u00e1ximo de un a\u00f1o desde que fueron obtenidos. Transcurrido este plazo, sus datos ser\u00e1n totalmente eliminados de nuestros sistemas de informaci\u00f3n.<\/p><p style=\"font-weight: 400;\"><u>Su consentimiento prestado:<\/u>\u00a0Cuando le solicitemos su consentimiento para el tratamiento de sus datos personales, conservaremos sus datos durante el tiempo estrictamente necesario para cumplir con los fines para los que obtuvimos su consentimiento, hasta que dejen de ser necesarios para dichos fines o, en su defecto, hasta que usted decida retirar su consentimiento prestado.<\/p><h5 style=\"font-weight: 400;\"><span style=\"color: #c7b200;\"><strong>Comunicaci\u00f3n de sus datos a terceros<\/strong><\/span><\/h5><p style=\"font-weight: 400;\">No comunicamos sus datos personales a terceros, salvo obligaci\u00f3n legal aplicable a nuestra entidad. No obstante, le informamos que sus datos podr\u00edan ser tratados por profesionales externos que nos prestan servicios auxiliares necesarios para el desempe\u00f1o de nuestra actividad profesional, como, por ejemplo: asesor\u00eda laboral, proveedor que nos suministra el alojamiento de datos en servidores externos (hospedaje de la web), asistencia t\u00e9cnica inform\u00e1tica, etc.<\/p><h5 style=\"font-weight: 400;\"><span style=\"color: #c7b200;\"><strong>Transferencias Internacionales de datos<\/strong><\/span><\/h5><p style=\"font-weight: 400;\">No realizamos transferencias de sus datos personales a pa\u00edses que no pertenecen al Espacio Econ\u00f3mico Europeo (UE, Islandia, Liechtenstein y Noruega), no tampoco a organizaciones internacionales.<\/p><h5 style=\"font-weight: 400;\"><span style=\"color: #c7b200;\"><strong>Sus derechos en protecci\u00f3n de datos<\/strong><\/span><\/h5><p style=\"font-weight: 400;\">Derecho a solicitar el acceso a sus datos personales.<\/p><p style=\"font-weight: 400;\">Derecho a solicitar su rectificaci\u00f3n o supresi\u00f3n.<\/p><p style=\"font-weight: 400;\">Derecho a solicitar la limitaci\u00f3n de su tratamiento.<\/p><p style=\"font-weight: 400;\">Derecho a oponerse al tratamiento.<\/p><p style=\"font-weight: 400;\">Derecho a la portabilidad de los datos.<\/p><p style=\"font-weight: 400;\">Derecho a retirar el consentimiento prestado.<\/p><p style=\"font-weight: 400;\">Cualquier persona tiene derecho a obtener confirmaci\u00f3n sobre si en <strong>Zais Bio <\/strong>estamos tratando datos personales que le conciernan o no. Usted tiene derecho a acceder a sus datos personales, as\u00ed como a solicitar la rectificaci\u00f3n de los datos inexactos o, en su caso, solicitar su supresi\u00f3n cuando, entre otros motivos, los datos ya no sean necesarios para los fines que fueron recogidos.<\/p><p style=\"font-weight: 400;\">En determinadas circunstancias, usted podr\u00e1 solicitar la limitaci\u00f3n del tratamiento de sus datos, en cuyo caso \u00fanicamente los conservaremos para el ejercicio o la defensa de reclamaciones. Asimismo, en los supuestos legalmente establecidos, tendr\u00e1 derecho a la portabilidad de sus datos personales.<\/p><p style=\"font-weight: 400;\">En determinadas circunstancias y por motivos relacionados con su situaci\u00f3n particular, usted podr\u00e1 oponerse al tratamiento de sus datos. En este caso, <strong>Zais Bio <\/strong>dejar\u00e1 de tratar sus datos, salvo que existan motivos leg\u00edtimos imperiosos o para la formulaci\u00f3n, el ejercicio y la defensa de posibles reclamaciones.<\/p><p style=\"font-weight: 400;\">Tiene derecho a retirar el consentimiento prestado en cualquier momento, sin que ello afecte a la licitud del tratamiento basado en el consentimiento previo a su retirada.<\/p><p style=\"font-weight: 400;\">Puede oponerse al tratamiento de sus datos con fines comerciales y publicitarios enviando un e-mail a\u00a0info@zaisbio.com.<\/p><p style=\"font-weight: 400;\">Podr\u00e1 ejercitar materialmente sus derechos enviando una carta por v\u00eda postal o un correo electr\u00f3nico a nuestro DPD info@zaisbio.com.<\/p><p style=\"font-weight: 400;\">En caso de que sienta vulnerados sus derechos en lo concerniente a la protecci\u00f3n de sus datos personales, especialmente cuando no haya obtenido satisfacci\u00f3n en el ejercicio de sus derechos, puede presentar una reclamaci\u00f3n ante la Agencia Espa\u00f1ola de Protecci\u00f3n de Datos a trav\u00e9s de su sitio web:\u00a0<a href=\"http:\/\/www.agpd.es\/\">www.agpd.es<\/a><\/p><p style=\"font-weight: 400;\">\u00a0<\/p>\t\t\t\t\t\t\t\t<\/div>\n\t\t\t\t<\/div>\n\t\t\t\t\t<\/div>\n\t\t<\/div>\n\t\t\t\t\t<\/div>\n\t\t<\/section>\n\t\t\t\t<\/div>","protected":false},"excerpt":{"rendered":"<p>Pol\u00edtica de Privacidad De conformidad con lo establecido en el REGLAMENTO (UE) 2016\/679 de protecci\u00f3n de datos de car\u00e1cter personal y la Ley Org\u00e1nica 3\/2018, de 5 de diciembre, de Protecci\u00f3n de Datos y garant\u00eda de los derechos digitales, le informamos que a trav\u00e9s de este sitio web no se recaban datos de car\u00e1cter personal [&hellip;]<\/p>","protected":false},"author":1,"featured_media":0,"parent":0,"menu_order":0,"comment_status":"closed","ping_status":"open","template":"","meta":{"om_disable_all_campaigns":false,"footnotes":""},"class_list":["post-3","page","type-page","status-publish","hentry"],"aioseo_notices":[],"_links":{"self":[{"href":"https:\/\/zaisbio.com\/en\/wp-json\/wp\/v2\/pages\/3","targetHints":{"allow":["GET"]}}],"collection":[{"href":"https:\/\/zaisbio.com\/en\/wp-json\/wp\/v2\/pages"}],"about":[{"href":"https:\/\/zaisbio.com\/en\/wp-json\/wp\/v2\/types\/page"}],"author":[{"embeddable":true,"href":"https:\/\/zaisbio.com\/en\/wp-json\/wp\/v2\/users\/1"}],"replies":[{"embeddable":true,"href":"https:\/\/zaisbio.com\/en\/wp-json\/wp\/v2\/comments?post=3"}],"version-history":[{"count":65,"href":"https:\/\/zaisbio.com\/en\/wp-json\/wp\/v2\/pages\/3\/revisions"}],"predecessor-version":[{"id":7379,"href":"https:\/\/zaisbio.com\/en\/wp-json\/wp\/v2\/pages\/3\/revisions\/7379"}],"wp:attachment":[{"href":"https:\/\/zaisbio.com\/en\/wp-json\/wp\/v2\/media?parent=3"}],"curies":[{"name":"wp","href":"https:\/\/api.w.org\/{rel}","templated":true}]}}